{"id":3248,"date":"2022-11-16T10:47:45","date_gmt":"2022-11-16T10:47:45","guid":{"rendered":"https:\/\/vilanova.escolateresiana.com\/proyectos-innovadores\/"},"modified":"2025-11-26T08:19:08","modified_gmt":"2025-11-26T08:19:08","slug":"proyectos-innovadores","status":"publish","type":"page","link":"https:\/\/vilanova.escolateresiana.com\/es\/proyectos-innovadores\/","title":{"rendered":"Proyectos innovadores"},"content":{"rendered":"<p>[vc_row css_animation=\u00bb\u00bb row_type=\u00bbrow\u00bb use_row_as_full_screen_section=\u00bbno\u00bb type=\u00bbfull_width\u00bb angled_section=\u00bbno\u00bb text_align=\u00bbleft\u00bb background_image_as_pattern=\u00bbwithout_pattern\u00bb css=\u00bb.vc_custom_1668595163832{background-color: #ffffff !important;}\u00bb z_index=\u00bb\u00bb][vc_column][qode_elements_holder number_of_columns=\u00bbtwo_columns\u00bb][qode_elements_holder_item advanced_animations=\u00bbno\u00bb][vc_single_image image=\u00bb5008&#8243; img_size=\u00bbfull\u00bb qode_css_animation=\u00bb\u00bb][\/qode_elements_holder_item][qode_elements_holder_item advanced_animations=\u00bbno\u00bb item_padding=\u00bb0px 30px 0px 30px\u00bb][vc_column_text]<\/p>\n<h3><span style=\"color: #45ac34;\">Proyectos de innovaci\u00f3n<\/span><\/h3>\n<p>&nbsp;<\/p>\n<p>La innovaci\u00f3n es la clave de nuestra labor educativa. Apostamos por nuevos modelos pedag\u00f3gicos, donde el alumno\/a es el protagonista de su propio aprendizaje. Tenemos en cuenta sus habilidades y potencialidades y su ritmo de aprendizaje. Queremos que aprenda de forma significativa, creativa, experiencial y motivadora.<\/p>\n<p>&nbsp;<\/p>\n<p>Los proyectos innovadores que fomentamos en la escuela incorporan las diferentes metodolog\u00edas en las que se apoya nuestro modelo pedag\u00f3gico teresiano de la \u201cpir\u00e1mide de aprendizaje\u201d, como las inteligencias m\u00faltiples, el trabajo cooperativo, las cajas de aprendizaje, la cultura de pensamiento, las situaciones de aprendizaje, el servicio comunitario, el DFC y la cultura emprendedora. [\/vc_column_text][\/qode_elements_holder_item][\/qode_elements_holder][\/vc_column][\/vc_row][vc_row css_animation=\u00bbelement_from_right\u00bb row_type=\u00bbrow\u00bb use_row_as_full_screen_section=\u00bbno\u00bb type=\u00bbfull_width\u00bb angled_section=\u00bbno\u00bb text_align=\u00bbleft\u00bb background_image_as_pattern=\u00bbwithout_pattern\u00bb z_index=\u00bb\u00bb background_image=\u00bb739&#8243;][vc_column][qode_elements_holder number_of_columns=\u00bbone_column\u00bb][qode_elements_holder_item advanced_animations=\u00bbno\u00bb item_padding=\u00bb0px 50px 0px 50px\u00bb][vc_empty_space height=\u00bb90px\u00bb][vc_column_text]<\/p>\n<h3><span style=\"color: #ffffff;\">Algunos de nuestros proyectos:<\/span><\/h3>\n<p>[\/vc_column_text][vc_empty_space height=\u00bb60px\u00bb][\/qode_elements_holder_item][\/qode_elements_holder][vc_row_inner row_type=\u00bbrow\u00bb type=\u00bbfull_width\u00bb text_align=\u00bbleft\u00bb css_animation=\u00bb\u00bb css=\u00bb.vc_custom_1668598660420{margin-right: 30px !important;margin-left: 30px !important;}\u00bb][vc_column_inner width=\u00bb1\/5&#8243;][vc_column_text]<strong><span style=\"color: #ffffff;\">Emat: entusi\u00e1smate con las mates y la metodolog\u00eda innovadora del Math Bits<br \/>\n<\/span><\/strong>[\/vc_column_text][\/vc_column_inner][vc_column_inner width=\u00bb1\/5&#8243;][vc_column_text]<strong><span style=\"color: #ffffff;\">Erasmus+<\/span><\/strong>[\/vc_column_text][\/vc_column_inner][vc_column_inner width=\u00bb1\/5&#8243;][vc_column_text]<span style=\"color: #ffffff;\"><strong>Aprendizaje y Servicio \u201cDonaci\u00f3n de sangre\u201d en 3\u00ba de ESO<br \/>\n<\/strong><\/span>[\/vc_column_text][\/vc_column_inner][vc_column_inner width=\u00bb1\/5&#8243;][vc_column_text]<span style=\"color: #ffffff;\"><strong>Design for Change en 5\u00ba EP y 2\u00ba de ESO<br \/>\n<\/strong><\/span>[\/vc_column_text][\/vc_column_inner][vc_column_inner width=\u00bb1\/5&#8243;][vc_column_text]<span style=\"color: #ffffff;\"><strong>Uso de Ipads como herramienta de aprendizaje<\/strong><\/span>[\/vc_column_text][\/vc_column_inner][\/vc_row_inner][vc_empty_space height=\u00bb10px\u00bb][vc_row_inner row_type=\u00bbrow\u00bb type=\u00bbfull_width\u00bb text_align=\u00bbleft\u00bb css_animation=\u00bb\u00bb css=\u00bb.vc_custom_1668599250532{border-right-width: 50px !important;border-left-width: 50px !important;padding-right: 50px !important;padding-left: 50px !important;}\u00bb][vc_column_inner][vc_separator type=\u00bbnormal\u00bb color=\u00bb#ffffff\u00bb][\/vc_column_inner][\/vc_row_inner][vc_empty_space height=\u00bb10px\u00bb][vc_row_inner row_type=\u00bbrow\u00bb type=\u00bbfull_width\u00bb text_align=\u00bbleft\u00bb css_animation=\u00bb\u00bb css=\u00bb.vc_custom_1668598669435{margin-right: 30px !important;margin-left: 30px !important;}\u00bb][vc_column_inner width=\u00bb1\/5&#8243;][vc_column_text]<span style=\"color: #ffffff;\"><strong>Ambientes en Educaci\u00f3n Infantil y ciclo inicial de Educaci\u00f3n Primaria<\/strong><\/span>[\/vc_column_text][\/vc_column_inner][vc_column_inner width=\u00bb1\/5&#8243;][vc_column_text]<span style=\"color: #ffffff;\"><strong>Sensibilizaci\u00f3n musical con la introducci\u00f3n de aprendizaje de distintos instrumentos (arm\u00f3nica, flauta y ukelele)<br \/>\n<\/strong><\/span>[\/vc_column_text][\/vc_column_inner][vc_column_inner width=\u00bb1\/5&#8243;][vc_column_text]<span style=\"color: #ffffff;\"><strong>Metodolog\u00edas innovadoras: ABP (Aprendizaje basado \u200b\u200ben problemas), proyectos de comprensi\u00f3n, proyectos Kilpatrick&#8230;<\/strong><\/span>[\/vc_column_text][\/vc_column_inner][vc_column_inner width=\u00bb1\/5&#8243;][vc_column_text]<span style=\"color: #ffffff;\"><strong>Proyectos globalizadores para trabajar los ODS (los Objetivos del Desarrollo Sostenible)<\/strong><\/span>[\/vc_column_text][\/vc_column_inner][vc_column_inner width=\u00bb1\/5&#8243;][vc_column_text]<span style=\"color: #ffffff;\"><strong>Padrinos lectores en todos los cursos de Primaria<\/strong><\/span>[\/vc_column_text][\/vc_column_inner][\/vc_row_inner][vc_row_inner row_type=\u00bbrow\u00bb type=\u00bbfull_width\u00bb text_align=\u00bbleft\u00bb css_animation=\u00bb\u00bb css=\u00bb.vc_custom_1668599250532{border-right-width: 50px !important;border-left-width: 50px !important;padding-right: 50px !important;padding-left: 50px !important;}\u00bb][vc_column_inner][vc_separator type=\u00bbnormal\u00bb color=\u00bb#ffffff\u00bb][\/vc_column_inner][\/vc_row_inner][vc_empty_space height=\u00bb10px\u00bb][vc_row_inner row_type=\u00bbrow\u00bb type=\u00bbfull_width\u00bb text_align=\u00bbleft\u00bb css_animation=\u00bb\u00bb css=\u00bb.vc_custom_1668598669435{margin-right: 30px !important;margin-left: 30px !important;}\u00bb][vc_column_inner width=\u00bb1\/5&#8243;][vc_column_text]<span style=\"color: #ffffff;\"><strong>Proyectos interdisciplinares<\/strong><\/span>[\/vc_column_text][\/vc_column_inner][vc_column_inner width=\u00bb1\/5&#8243;][vc_column_text]<span style=\"color: #ffffff;\"><strong>Proyectos interetapas, como las Tardes de la Ciencia y English Week<\/strong><\/span>[\/vc_column_text][\/vc_column_inner][vc_column_inner width=\u00bb1\/5&#8243;][vc_column_text]<span style=\"color: #ffffff;\"><strong>Gamificaci\u00f3n<\/strong><\/span>[\/vc_column_text][\/vc_column_inner][vc_column_inner width=\u00bb1\/5&#8243;][vc_column_text]<span style=\"color: #ffffff;\"><strong>Cuidado del jardincito y del huerto vertical<\/strong><\/span>[\/vc_column_text][\/vc_column_inner][vc_column_inner width=\u00bb1\/5&#8243;][vc_column_text]<span style=\"color: #ffffff;\"><strong>Desayuno saludable<\/strong><\/span>[\/vc_column_text][\/vc_column_inner][\/vc_row_inner][vc_row_inner row_type=\u00bbrow\u00bb type=\u00bbfull_width\u00bb text_align=\u00bbleft\u00bb css_animation=\u00bb\u00bb css=\u00bb.vc_custom_1668599250532{border-right-width: 50px !important;border-left-width: 50px !important;padding-right: 50px !important;padding-left: 50px !important;}\u00bb][vc_column_inner][vc_separator type=\u00bbnormal\u00bb color=\u00bb#ffffff\u00bb][\/vc_column_inner][\/vc_row_inner][vc_empty_space height=\u00bb10px\u00bb][vc_row_inner row_type=\u00bbrow\u00bb type=\u00bbfull_width\u00bb text_align=\u00bbleft\u00bb css_animation=\u00bb\u00bb css=\u00bb.vc_custom_1668598669435{margin-right: 30px !important;margin-left: 30px !important;}\u00bb][vc_column_inner width=\u00bb1\/5&#8243;][vc_column_text]<span style=\"color: #ffffff;\"><strong>Desarrollo sostenible<\/strong><\/span>[\/vc_column_text][\/vc_column_inner][vc_column_inner width=\u00bb1\/5&#8243;][vc_column_text]<span style=\"color: #ffffff;\"><strong>Cuidado del medio ambiente<\/strong><\/span>[\/vc_column_text][\/vc_column_inner][vc_column_inner width=\u00bb1\/5&#8243;][vc_column_text]<span style=\"color: #ffffff;\"><strong>Escuela de calidad<\/strong><\/span>[\/vc_column_text][\/vc_column_inner][vc_column_inner width=\u00bb1\/5&#8243;][\/vc_column_inner][vc_column_inner width=\u00bb1\/5&#8243;][\/vc_column_inner][\/vc_row_inner][vc_empty_space height=\u00bb90px\u00bb][\/vc_column][\/vc_row][vc_row css_animation=\u00bb\u00bb row_type=\u00bbrow\u00bb use_row_as_full_screen_section=\u00bbno\u00bb type=\u00bbfull_width\u00bb angled_section=\u00bbno\u00bb text_align=\u00bbleft\u00bb background_image_as_pattern=\u00bbwithout_pattern\u00bb][vc_column][vc_gallery type=\u00bbimage_grid\u00bb images=\u00bb2867,5005,5003,5001&#8243; img_size=\u00bbfull\u00bb column_number=\u00bb4&#8243; grayscale=\u00bbno\u00bb images_space=\u00bbgallery_without_space\u00bb][\/vc_column][\/vc_row]<\/p>\n","protected":false},"excerpt":{"rendered":"<p>[vc_row css_animation=\u00bb\u00bb row_type=\u00bbrow\u00bb use_row_as_full_screen_section=\u00bbno\u00bb type=\u00bbfull_width\u00bb angled_section=\u00bbno\u00bb text_align=\u00bbleft\u00bb background_image_as_pattern=\u00bbwithout_pattern\u00bb css=\u00bb.vc_custom_1668595163832{background-color: #ffffff !important;}\u00bb z_index=\u00bb\u00bb][vc_column][qode_elements_holder number_of_columns=\u00bbtwo_columns\u00bb][qode_elements_holder_item advanced_animations=\u00bbno\u00bb][vc_single_image image=\u00bb5008&#8243; img_size=\u00bbfull\u00bb qode_css_animation=\u00bb\u00bb][\/qode_elements_holder_item][qode_elements_holder_item advanced_animations=\u00bbno\u00bb item_padding=\u00bb0px 30px 0px 30px\u00bb][vc_column_text] Proyectos de innovaci\u00f3n &nbsp; La innovaci\u00f3n es la clave de nuestra labor educativa. Apostamos por nuevos modelos pedag\u00f3gicos, donde el alumno\/a es el&#8230;<\/p>\n","protected":false},"author":1,"featured_media":0,"parent":0,"menu_order":0,"comment_status":"closed","ping_status":"closed","template":"full_width.php","meta":{"footnotes":""},"class_list":["post-3248","page","type-page","status-publish","hentry"],"_links":{"self":[{"href":"https:\/\/vilanova.escolateresiana.com\/es\/wp-json\/wp\/v2\/pages\/3248","targetHints":{"allow":["GET"]}}],"collection":[{"href":"https:\/\/vilanova.escolateresiana.com\/es\/wp-json\/wp\/v2\/pages"}],"about":[{"href":"https:\/\/vilanova.escolateresiana.com\/es\/wp-json\/wp\/v2\/types\/page"}],"author":[{"embeddable":true,"href":"https:\/\/vilanova.escolateresiana.com\/es\/wp-json\/wp\/v2\/users\/1"}],"replies":[{"embeddable":true,"href":"https:\/\/vilanova.escolateresiana.com\/es\/wp-json\/wp\/v2\/comments?post=3248"}],"version-history":[{"count":7,"href":"https:\/\/vilanova.escolateresiana.com\/es\/wp-json\/wp\/v2\/pages\/3248\/revisions"}],"predecessor-version":[{"id":3803,"href":"https:\/\/vilanova.escolateresiana.com\/es\/wp-json\/wp\/v2\/pages\/3248\/revisions\/3803"}],"wp:attachment":[{"href":"https:\/\/vilanova.escolateresiana.com\/es\/wp-json\/wp\/v2\/media?parent=3248"}],"curies":[{"name":"wp","href":"https:\/\/api.w.org\/{rel}","templated":true}]}}