{"id":3201,"date":"2022-11-09T10:07:06","date_gmt":"2022-11-09T10:07:06","guid":{"rendered":"https:\/\/vilanova.escolateresiana.com\/opciones-pedagogicas\/"},"modified":"2025-11-26T08:11:40","modified_gmt":"2025-11-26T08:11:40","slug":"opciones-pedagogicas","status":"publish","type":"page","link":"https:\/\/vilanova.escolateresiana.com\/es\/opciones-pedagogicas\/","title":{"rendered":"Opciones pedag\u00f3gicas"},"content":{"rendered":"<p>[vc_row css_animation=\u00bb\u00bb row_type=\u00bbrow\u00bb use_row_as_full_screen_section=\u00bbno\u00bb type=\u00bbfull_width\u00bb angled_section=\u00bbno\u00bb text_align=\u00bbleft\u00bb background_image_as_pattern=\u00bbwithout_pattern\u00bb css=\u00bb.vc_custom_1668595163832{background-color: #ffffff !important;}\u00bb z_index=\u00bb\u00bb][vc_column][qode_elements_holder number_of_columns=\u00bbtwo_columns\u00bb][qode_elements_holder_item advanced_animations=\u00bbno\u00bb item_padding=\u00bb0px 50px 0px 50px\u00bb][vc_column_text]<\/p>\n<h3><span style=\"color: #45ac34;\">PIR\u00c1MIDE DE APRENDIZAJE<\/span><\/h3>\n<p>&nbsp;<\/p>\n<div>\n<p>Expresamos nuestro modelo pedag\u00f3gico mediante la \u201c<strong>pir\u00e1mide de aprendizaje<\/strong>\u201d, que representa de manera esquem\u00e1tica nuestros principios pedag\u00f3gicos y formas de educar. En un primer plano, situamos el modelo de inteligencias m\u00faltiples como el prisma desde el que educar. En un segundo nivel, ubicamos la dimensi\u00f3n comunitaria y personalizada del aprendizaje. En tercer lugar, optamos por tres modelos concretos: cultura del pensamiento, cultura de la creatividad y aprendizaje y servicio\/emprendimiento.<\/p>\n<\/div>\n<p>[\/vc_column_text][\/qode_elements_holder_item][qode_elements_holder_item advanced_animations=\u00bbno\u00bb][vc_single_image image=\u00bb2861&#8243; img_size=\u00bbfull\u00bb qode_css_animation=\u00bb\u00bb][\/qode_elements_holder_item][\/qode_elements_holder][\/vc_column][\/vc_row][vc_row css_animation=\u00bb\u00bb row_type=\u00bbrow\u00bb use_row_as_full_screen_section=\u00bbno\u00bb type=\u00bbgrid\u00bb angled_section=\u00bbno\u00bb text_align=\u00bbleft\u00bb background_image_as_pattern=\u00bbwithout_pattern\u00bb z_index=\u00bb\u00bb padding_top=\u00bb60&#8243; padding_bottom=\u00bb30&#8243;][vc_column width=\u00bb1\/6&#8243;][\/vc_column][vc_column width=\u00bb1\/6&#8243;][\/vc_column][vc_column css_animation=\u00bbfadeInDown\u00bb width=\u00bb1\/3&#8243;]<div class='q_icon_with_title very_large custom_icon_image center '><div class=\"icon_holder \" style=\" \"><img decoding=\"async\" itemprop=\"image\" style=\"\" src=\"https:\/\/vilanova.escolateresiana.com\/wp-content\/uploads\/2022\/11\/1.png\" alt=\"\"><\/div><div class=\"icon_text_holder\" style=\"\"><div class=\"icon_text_inner\" style=\"\"><h4 class=\"icon_title\" style=\"color: #febe70;\">INTELIGENCIAS M\u00daLTIPLES Y ESPIRITUAL<\/h4><p style=''><\/p><\/div><\/div><\/div>[vc_column_text]<\/p>\n<p style=\"text-align: center;\">Hoy sabemos, gracias a la neurociencia, que no todos aprendemos de la misma forma .<br \/>\nEl desarrollo de las inteligencias m\u00faltiples de cada alumno\/a permitir\u00e1 que lleguen al mayor grado de aprendizaje, descubran sus dones personales y conecten con lo que puede apasionar en la vida.<\/p>\n<p>[\/vc_column_text][\/vc_column][vc_column width=\u00bb1\/6&#8243;][\/vc_column][vc_column width=\u00bb1\/6&#8243;][\/vc_column][\/vc_row][vc_row css_animation=\u00bb\u00bb row_type=\u00bbrow\u00bb use_row_as_full_screen_section=\u00bbno\u00bb type=\u00bbgrid\u00bb angled_section=\u00bbno\u00bb text_align=\u00bbleft\u00bb background_image_as_pattern=\u00bbwithout_pattern\u00bb z_index=\u00bb\u00bb padding_bottom=\u00bb30&#8243;][vc_column width=\u00bb1\/6&#8243;][\/vc_column][vc_column css_animation=\u00bbfadeInDown\u00bb width=\u00bb1\/3&#8243;]<div class='q_icon_with_title very_large custom_icon_image center '><div class=\"icon_holder \" style=\" \"><img decoding=\"async\" itemprop=\"image\" style=\"\" src=\"https:\/\/vilanova.escolateresiana.com\/wp-content\/uploads\/2022\/11\/2.png\" alt=\"\"><\/div><div class=\"icon_text_holder\" style=\"\"><div class=\"icon_text_inner\" style=\"\"><h4 class=\"icon_title\" style=\"color: #fea4b3;\">COMUNIDADES QUE APRENDEN<\/h4><p style=''><\/p><\/div><\/div><\/div>[vc_column_text]<\/p>\n<p style=\"text-align: center;\">Queremos abrir los l\u00edmites del aula y del centro al entorno, ser comunidades cohesionadas donde todos y todas seamos maestros y aprendices: profesorado, familias y alumnado.<br \/>\nEn el futuro, nuestros alumnos necesitar\u00e1n la capacidad de trabajar en equipo. Por eso, potenciamos el modelo de aprendizaje cooperativo, fomentando la riqueza personal y el servicio para la comunidad.<\/p>\n<p>[\/vc_column_text][\/vc_column][vc_column css_animation=\u00bbfadeInDown\u00bb width=\u00bb1\/3&#8243;]<div class='q_icon_with_title very_large custom_icon_image center '><div class=\"icon_holder \" style=\" \"><img decoding=\"async\" itemprop=\"image\" style=\"\" src=\"https:\/\/vilanova.escolateresiana.com\/wp-content\/uploads\/2022\/11\/3.png\" alt=\"\"><\/div><div class=\"icon_text_holder\" style=\"\"><div class=\"icon_text_inner\" style=\"\"><h4 class=\"icon_title\" style=\"color: #fe9cfc;\">PERSONALIZACI\u00d3N<\/h4><p style=''><\/p><\/div><\/div><\/div>[vc_column_text]<\/p>\n<p style=\"text-align: center;\">La escuela teresiana pone al alumno\/a en el centro del aprendizaje. La educaci\u00f3n se convierte en una experiencia para conseguir que cada persona conecte con su interior, con sus potencialidades, talentos y limitaciones y crezca en relaci\u00f3n a s\u00ed mismo, con los dem\u00e1s, con el entorno y con el mundo.<\/p>\n<p>[\/vc_column_text][\/vc_column][vc_column width=\u00bb1\/6&#8243;][\/vc_column][\/vc_row][vc_row css_animation=\u00bb\u00bb row_type=\u00bbrow\u00bb use_row_as_full_screen_section=\u00bbno\u00bb type=\u00bbgrid\u00bb angled_section=\u00bbno\u00bb text_align=\u00bbleft\u00bb background_image_as_pattern=\u00bbwithout_pattern\u00bb z_index=\u00bb\u00bb padding_bottom=\u00bb60&#8243;][vc_column css_animation=\u00bbfadeInDown\u00bb width=\u00bb1\/3&#8243;]<div class='q_icon_with_title very_large custom_icon_image center '><div class=\"icon_holder \" style=\" \"><img decoding=\"async\" itemprop=\"image\" style=\"\" src=\"https:\/\/vilanova.escolateresiana.com\/wp-content\/uploads\/2022\/11\/4.png\" alt=\"\"><\/div><div class=\"icon_text_holder\" style=\"\"><div class=\"icon_text_inner\" style=\"\"><h4 class=\"icon_title\" style=\"color: #af58fa;\">CULTURA DEL PENSAMIENTO<\/h4><p style=''><\/p><\/div><\/div><\/div>[vc_column_text]<\/p>\n<p style=\"text-align: center;\">El eje fundamental de nuestro modelo pedag\u00f3gico es ense\u00f1ar a pensar a nuestro alumnado. Nuestro objetivo es conseguir personas aut\u00f3nomas y capaces de resolver problemas y tomar decisiones.<br \/>\nUtilizamos diferentes estrategias con el fin de conseguir que nuestro alumnado desarrolle un pensamiento cr\u00edtico y creativo.<\/p>\n<p>[\/vc_column_text][\/vc_column][vc_column css_animation=\u00bbfadeInDown\u00bb width=\u00bb1\/3&#8243;]<div class='q_icon_with_title very_large custom_icon_image center '><div class=\"icon_holder \" style=\" \"><img decoding=\"async\" itemprop=\"image\" style=\"\" src=\"https:\/\/vilanova.escolateresiana.com\/wp-content\/uploads\/2022\/11\/5.png\" alt=\"\"><\/div><div class=\"icon_text_holder\" style=\"\"><div class=\"icon_text_inner\" style=\"\"><h4 class=\"icon_title\" style=\"color: #95dafd;\">CULTURA DE CREATIVIDAD<\/h4><p style=''><\/p><\/div><\/div><\/div>[vc_column_text]<\/p>\n<p style=\"text-align: center;\">La educaci\u00f3n teresiana quiere ofrecer la posibilidad de resolver creativamente los \u201cproblemas\u201d del d\u00eda a d\u00eda, no qued\u00e1ndonos en la primera soluci\u00f3n, sino intentando generar soluciones no evidentes que ayuden a incentivar el ingenio y la creatividad.<br \/>\nLos proyectos interdisciplinarios, el aprendizaje basado en problemas, la gamificaci\u00f3n, el Design Thinking, el Flipped Classroom (aula invertida)&#8230; favorecen procesos de investigaci\u00f3n, exploraci\u00f3n, codificaci\u00f3n\u2026 hasta llegar a generar conocimiento y buscar soluciones.<\/p>\n<p>[\/vc_column_text][\/vc_column][vc_column css_animation=\u00bbfadeInDown\u00bb width=\u00bb1\/3&#8243;]<div class='q_icon_with_title very_large custom_icon_image center '><div class=\"icon_holder \" style=\" \"><img decoding=\"async\" itemprop=\"image\" style=\"\" src=\"https:\/\/vilanova.escolateresiana.com\/wp-content\/uploads\/2022\/11\/6.png\" alt=\"\"><\/div><div class=\"icon_text_holder\" style=\"\"><div class=\"icon_text_inner\" style=\"\"><h4 class=\"icon_title\" style=\"color: #9dda89;\">APRENDIZAJE Y SERVICIO, EMPRENDIMIENTO<\/h4><p style=''><\/p><\/div><\/div><\/div>[vc_column_text]<\/p>\n<p style=\"text-align: center;\">La educaci\u00f3n teresiana tiene el objetivo de formar a ciudadanos y ciudadanas comprometidas y capaces para transformar su entorno y generar, en el futuro, un profundo cambio social.<br \/>\nLa clave fundamental est\u00e1 en aprender mediante la acci\u00f3n y el compromiso concreto a trav\u00e9s de metodolog\u00edas de transformaci\u00f3n social, como el ApS (Aprendizaje-Servicio), DFC (Design for Change), proyectos de emprendedur\u00eda social&#8230;<\/p>\n<p>[\/vc_column_text][\/vc_column][\/vc_row][vc_row css_animation=\u00bb\u00bb row_type=\u00bbrow\u00bb use_row_as_full_screen_section=\u00bbno\u00bb type=\u00bbfull_width\u00bb angled_section=\u00bbno\u00bb text_align=\u00bbleft\u00bb background_image_as_pattern=\u00bbwithout_pattern\u00bb][vc_column][vc_gallery type=\u00bbimage_grid\u00bb images=\u00bb4997,4995,4993,4991&#8243; img_size=\u00bbfull\u00bb column_number=\u00bb4&#8243; grayscale=\u00bbno\u00bb images_space=\u00bbgallery_without_space\u00bb][\/vc_column][\/vc_row]<\/p>\n","protected":false},"excerpt":{"rendered":"<p>[vc_row css_animation=\u00bb\u00bb row_type=\u00bbrow\u00bb use_row_as_full_screen_section=\u00bbno\u00bb type=\u00bbfull_width\u00bb angled_section=\u00bbno\u00bb text_align=\u00bbleft\u00bb background_image_as_pattern=\u00bbwithout_pattern\u00bb css=\u00bb.vc_custom_1668595163832{background-color: #ffffff !important;}\u00bb z_index=\u00bb\u00bb][vc_column][qode_elements_holder number_of_columns=\u00bbtwo_columns\u00bb][qode_elements_holder_item advanced_animations=\u00bbno\u00bb item_padding=\u00bb0px 50px 0px 50px\u00bb][vc_column_text] PIR\u00c1MIDE DE APRENDIZAJE &nbsp; Expresamos nuestro modelo pedag\u00f3gico mediante la \u201cpir\u00e1mide de aprendizaje\u201d, que representa de manera esquem\u00e1tica nuestros principios pedag\u00f3gicos y formas de educar. En un&#8230;<\/p>\n","protected":false},"author":1,"featured_media":0,"parent":0,"menu_order":0,"comment_status":"closed","ping_status":"closed","template":"full_width.php","meta":{"footnotes":""},"class_list":["post-3201","page","type-page","status-publish","hentry"],"_links":{"self":[{"href":"https:\/\/vilanova.escolateresiana.com\/es\/wp-json\/wp\/v2\/pages\/3201","targetHints":{"allow":["GET"]}}],"collection":[{"href":"https:\/\/vilanova.escolateresiana.com\/es\/wp-json\/wp\/v2\/pages"}],"about":[{"href":"https:\/\/vilanova.escolateresiana.com\/es\/wp-json\/wp\/v2\/types\/page"}],"author":[{"embeddable":true,"href":"https:\/\/vilanova.escolateresiana.com\/es\/wp-json\/wp\/v2\/users\/1"}],"replies":[{"embeddable":true,"href":"https:\/\/vilanova.escolateresiana.com\/es\/wp-json\/wp\/v2\/comments?post=3201"}],"version-history":[{"count":15,"href":"https:\/\/vilanova.escolateresiana.com\/es\/wp-json\/wp\/v2\/pages\/3201\/revisions"}],"predecessor-version":[{"id":3801,"href":"https:\/\/vilanova.escolateresiana.com\/es\/wp-json\/wp\/v2\/pages\/3201\/revisions\/3801"}],"wp:attachment":[{"href":"https:\/\/vilanova.escolateresiana.com\/es\/wp-json\/wp\/v2\/media?parent=3201"}],"curies":[{"name":"wp","href":"https:\/\/api.w.org\/{rel}","templated":true}]}}