{"id":3144,"date":"2022-05-31T14:54:30","date_gmt":"2022-05-31T14:54:30","guid":{"rendered":"https:\/\/vilanova.escolateresiana.com\/familias\/"},"modified":"2024-04-25T07:29:08","modified_gmt":"2024-04-25T07:29:08","slug":"familias","status":"publish","type":"page","link":"https:\/\/vilanova.escolateresiana.com\/es\/familias\/","title":{"rendered":"Familias"},"content":{"rendered":"<p>[vc_row css_animation=\u00bb\u00bb row_type=\u00bbrow\u00bb use_row_as_full_screen_section=\u00bbno\u00bb type=\u00bbfull_width\u00bb angled_section=\u00bbno\u00bb text_align=\u00bbleft\u00bb background_image_as_pattern=\u00bbwithout_pattern\u00bb][vc_column][qode_elements_holder number_of_columns=\u00bbtwo_columns\u00bb][qode_elements_holder_item advanced_animations=\u00bbno\u00bb][vc_single_image image=\u00bb2846&#8243; img_size=\u00bbfull\u00bb qode_css_animation=\u00bb\u00bb][\/qode_elements_holder_item][qode_elements_holder_item cover=\u00bbyes\u00bb advanced_animations=\u00bbno\u00bb item_padding=\u00bb0px 30px 0px 30px\u00bb background_image=\u00bb739&#8243;][vc_column_text]<\/p>\n<h2><span style=\"color: #ffffff;\">EDUCAMOS JUNTOS<\/span><\/h2>\n<h4 style=\"font-family: Dancing Script; font-size: 34px; line-height: 150%;\"><span style=\"color: #ffffff;\"> \u00abCada d\u00eda cuando acompa\u00f1o a mis hijos a la escuela tengo la sensaci\u00f3n de estar entrando en casa. El trato personalizado, la atenci\u00f3n que recibimos y la proximidad con nosotros por parte de todos\/as los\/las profesionales que trabajan crea una relaci\u00f3n de confianza, respeto y colaboraci\u00f3n, indispensable para educar juntos a lo m\u00e1s importante, a mis hijos\u00bb.<\/span><\/h4>\n<p>[\/vc_column_text][\/qode_elements_holder_item][\/qode_elements_holder][\/vc_column][\/vc_row][vc_row css_animation=\u00bb\u00bb row_type=\u00bbrow\u00bb use_row_as_full_screen_section=\u00bbno\u00bb type=\u00bbgrid\u00bb angled_section=\u00bbno\u00bb text_align=\u00bbleft\u00bb background_image_as_pattern=\u00bbwithout_pattern\u00bb z_index=\u00bb\u00bb background_color=\u00bb#ffffff\u00bb][vc_column][qode_elements_holder background_color=\u00bb#ffffff\u00bb number_of_columns=\u00bbone_column\u00bb][qode_elements_holder_item advanced_animations=\u00bbno\u00bb][vc_empty_space height=\u00bb50px\u00bb][vc_column_text]<\/p>\n<div style=\"background-color: white; margin: 20px; padding: 20px;\">\n<h4 style=\"text-align: center;\">Las familias son miembros importantes de nuestra comunidad educativa, la enriquecen y fortalecen. En el crecimiento madurativo del alumno\/hijo es fundamental una buena comunicaci\u00f3n entre familia-escuela. Educamos juntos, aprendemos juntos. Son muchas las posibilidades de participaci\u00f3n en diferentes \u00e1mbitos de la vida del centro y en las aulas.<\/h4>\n<\/div>\n<p>[\/vc_column_text][vc_empty_space height=\u00bb50px\u00bb][\/qode_elements_holder_item][\/qode_elements_holder][\/vc_column][\/vc_row][vc_row css_animation=\u00bb\u00bb row_type=\u00bbrow\u00bb use_row_as_full_screen_section=\u00bbno\u00bb type=\u00bbfull_width\u00bb angled_section=\u00bbno\u00bb text_align=\u00bbleft\u00bb background_image_as_pattern=\u00bbwithout_pattern\u00bb][vc_column][qode_elements_holder number_of_columns=\u00bbtwo_columns\u00bb][qode_elements_holder_item advanced_animations=\u00bbno\u00bb item_padding=\u00bb0px 30px 0px 30px\u00bb][vc_column_text]<\/p>\n<h2><span style=\"color: rgba(69,172,52,1);\">BIENVENIDAS<\/span><\/h2>\n<p>&nbsp;<\/p>\n<p>Invitamos a las familias en diferentes \u00e1mbitos de la vida del centro. Son muchas las posibilidades que les ofrecemos para poder participar en el aula. Nos encanta su implicaci\u00f3n y participaci\u00f3n.[\/vc_column_text][\/qode_elements_holder_item][qode_elements_holder_item advanced_animations=\u00bbno\u00bb][vc_single_image image=\u00bb2847&#8243; img_size=\u00bbfull\u00bb qode_css_animation=\u00bb\u00bb][\/qode_elements_holder_item][\/qode_elements_holder][\/vc_column][\/vc_row][vc_row css_animation=\u00bb\u00bb row_type=\u00bbrow\u00bb use_row_as_full_screen_section=\u00bbno\u00bb type=\u00bbfull_width\u00bb angled_section=\u00bbno\u00bb text_align=\u00bbleft\u00bb background_image_as_pattern=\u00bbwithout_pattern\u00bb z_index=\u00bb\u00bb background_color=\u00bb#ffffff\u00bb][vc_column][vc_empty_space][\/vc_column][\/vc_row][vc_row css_animation=\u00bb\u00bb row_type=\u00bbrow\u00bb use_row_as_full_screen_section=\u00bbno\u00bb type=\u00bbfull_width\u00bb angled_section=\u00bbno\u00bb text_align=\u00bbcenter\u00bb background_image_as_pattern=\u00bbwithout_pattern\u00bb z_index=\u00bb\u00bb css=\u00bb.vc_custom_1673522775923{background-color: #ffffff !important;}\u00bb][vc_column css_animation=\u00bbfadeInDown\u00bb width=\u00bb1\/4&#8243;][vc_single_image image=\u00bb2848&#8243; img_size=\u00bbfull\u00bb qode_css_animation=\u00bb\u00bb][vc_empty_space][vc_column_text css=\u00bb.vc_custom_1714030050800{padding-right: 40px !important;padding-left: 40px !important;}\u00bb]<\/p>\n<h4 class=\"qode-info-card-title\" style=\"text-align: center;\">ASOCIACI\u00d3N DE FAMILIAS DE ALUMNOS (AFA)<\/h4>\n<p>&nbsp;<\/p>\n<p class=\"qode-info-card-text\" style=\"text-align: center;\">La AFA representa a las familias de la escuela para colaborar en su labor educativa del alumnado y en el desarrollo de las actividades del centro. Est\u00e1 abierta a sugerencias y se implica activamente en el d\u00eda a d\u00eda del centro:<\/p>\n<ul style=\"text-align: center;\">\n<li style=\"text-align: center;\">Proponer y organizar las actividades extraescolares dirigidas al alumnado y a las madres y padres de la escuela.<\/li>\n<li style=\"text-align: center;\">Participar de forma activa, presencial y econ\u00f3micamente en las celebraciones que realizan los alumnos\/as en el centro.<\/li>\n<li style=\"text-align: center;\">Tramitar y gestionar ayudas y subvenciones en las administraciones para reducir los gastos del servicio y las actividades dirigidas a la comunidad educativa.<\/li>\n<li style=\"text-align: center;\">Promover, organizar y desarrollar, con la escuela, las celebraciones, fiestas, charlas y conferencias educativas, celebraciones religiosas.<\/li>\n<li style=\"text-align: center;\">Fomentar la participaci\u00f3n activa de los padres y madres coordinadores de cada curso de EI y EP.<\/li>\n<li style=\"text-align: center;\">Ofrecer a los socios un carn\u00e9 con ventajas y descuentos en diversas entidades de la ciudad.<\/li>\n<li style=\"text-align: center;\">Designar a un representante en el Consejo Escolar del centro y otro en el Consejo Escolar Municipal.<\/li>\n<\/ul>\n<p style=\"text-align: center;\"><a href=\"mailto:ampa@vilanova.escolateresiana.com\">ampa@vilanova.escolateresiana.com<\/a><\/p>\n<div style=\"text-align: center;\"><span lang=\"ca\"><a href=\"https:\/\/www.facebook.com\/AMPA-Teresianes-Vilanova-1069479373065303\/\">AFA Teresianas Vilanova<\/a><\/span><\/div>\n<p>[\/vc_column_text][vc_empty_space][\/vc_column][vc_column css_animation=\u00bbfadeInUp\u00bb width=\u00bb1\/4&#8243;][vc_single_image image=\u00bb2849&#8243; img_size=\u00bbfull\u00bb qode_css_animation=\u00bb\u00bb][vc_empty_space][vc_column_text css=\u00bb.vc_custom_1714030087609{padding-right: 40px !important;padding-left: 40px !important;}\u00bb]<\/p>\n<h4 class=\"qode-info-card-title\" style=\"text-align: center;\">COMISI\u00d3N DE CONVIVENCIA<\/h4>\n<p>&nbsp;<\/p>\n<p style=\"text-align: center;\">Un representante de las familias y del alumnado de la escuela, junto con la direcci\u00f3n y un profesor\/a, participan en esta comisi\u00f3n. El objetivo es llevar a cabo y realizar el seguimiento del Plan de Convivencia del centro, para actuar de forma preventiva y fomentar las buenas relaciones entre toda la comunidad educativa. En coordinaci\u00f3n con el proyecto de mediaci\u00f3n y #aquiproubullying, colabora en la resoluci\u00f3n de incidentes y\/o conflictos.<\/p>\n<p>[\/vc_column_text][vc_empty_space][\/vc_column][vc_column css_animation=\u00bbfadeInUp\u00bb width=\u00bb1\/4&#8243;][vc_single_image image=\u00bb2850&#8243; img_size=\u00bbfull\u00bb qode_css_animation=\u00bb\u00bb][vc_empty_space][vc_column_text css=\u00bb.vc_custom_1700477069483{padding-right: 40px !important;padding-left: 40px !important;}\u00bb]<\/p>\n<h4 class=\"qode-info-card-title\" style=\"text-align: center;\">CONSEJO ESCOLAR<\/h4>\n<p>&nbsp;<\/p>\n<p style=\"text-align: center;\">El \u00f3rgano est\u00e1 formado por 16 miembros de la comunidad educativa, representando a todos los estamentos. Las familias participan en este \u00f3rgano decisorio y representativo de la Comunidad Educativa, mediante cuatro representantes de padres y madres escogidos cada dos cursos en unas elecciones democr\u00e1ticas. Desde el Consejo Escolar se aprueban las grandes l\u00edneas de trabajo del centro y de cada curso, se interviene en la vida del centro y velan por el buen funcionamiento del mismo.<\/p>\n<p>[\/vc_column_text][vc_empty_space][\/vc_column][vc_column css_animation=\u00bbfadeInDown\u00bb width=\u00bb1\/4&#8243;][vc_single_image image=\u00bb2995&#8243; img_size=\u00bbfull\u00bb onclick=\u00bbcustom_link\u00bb qode_css_animation=\u00bb\u00bb link=\u00bbhttps:\/\/santateresadejesus-fet-vilanova.educamos.com\u00bb][vc_empty_space][vc_column_text css=\u00bb.vc_custom_1700477099275{padding-right: 40px !important;padding-left: 40px !important;}\u00bb]<\/p>\n<h4 class=\"qode-info-card-title\" style=\"text-align: center;\">EDUCAMOS: plataforma de comunicaci\u00f3n<\/h4>\n<p>&nbsp;<\/p>\n<p style=\"text-align: center;\">Educamos es la plataforma educativa que tenemos en la escuela para comunicarnos oficialmente con las familias. \u00c9sta integra los procesos pedag\u00f3gicos de gesti\u00f3n de la escuela. Favorece una comunicaci\u00f3n \u00e1gil y directa y les permite tener informaci\u00f3n sobre el desarrollo acad\u00e9mico de sus hijos\/as. Obviamente se complementa con el correo electr\u00f3nico institucional y otros entornos virtuales de aprendizaje.<\/p>\n<p>[\/vc_column_text][vc_empty_space]<a  itemprop=\"url\" href=\"https:\/\/santateresadejesus-fet-vilanova.educamos.com\" target=\"_blank\"  class=\"qbutton  large center default\" style=\"border-radius: 0px;-moz-border-radius: 0px;-webkit-border-radius: 0px; \">ENTRAR EN EDUCAMOS<\/a>[vc_empty_space][\/vc_column][\/vc_row][vc_row css_animation=\u00bb\u00bb row_type=\u00bbrow\u00bb use_row_as_full_screen_section=\u00bbno\u00bb type=\u00bbfull_width\u00bb angled_section=\u00bbno\u00bb text_align=\u00bbleft\u00bb background_image_as_pattern=\u00bbwithout_pattern\u00bb z_index=\u00bb\u00bb background_color=\u00bb#ffffff\u00bb][vc_column][vc_empty_space][\/vc_column][\/vc_row]<\/p>\n","protected":false},"excerpt":{"rendered":"<p>[vc_row css_animation=\u00bb\u00bb row_type=\u00bbrow\u00bb use_row_as_full_screen_section=\u00bbno\u00bb type=\u00bbfull_width\u00bb angled_section=\u00bbno\u00bb text_align=\u00bbleft\u00bb background_image_as_pattern=\u00bbwithout_pattern\u00bb][vc_column][qode_elements_holder number_of_columns=\u00bbtwo_columns\u00bb][qode_elements_holder_item advanced_animations=\u00bbno\u00bb][vc_single_image image=\u00bb2846&#8243; img_size=\u00bbfull\u00bb qode_css_animation=\u00bb\u00bb][\/qode_elements_holder_item][qode_elements_holder_item cover=\u00bbyes\u00bb advanced_animations=\u00bbno\u00bb item_padding=\u00bb0px 30px 0px 30px\u00bb background_image=\u00bb739&#8243;][vc_column_text] EDUCAMOS JUNTOS \u00abCada d\u00eda cuando acompa\u00f1o a mis hijos a la escuela tengo la sensaci\u00f3n de estar entrando en casa. El trato personalizado, la atenci\u00f3n&#8230;<\/p>\n","protected":false},"author":1,"featured_media":0,"parent":0,"menu_order":0,"comment_status":"closed","ping_status":"closed","template":"full_width.php","meta":{"footnotes":""},"class_list":["post-3144","page","type-page","status-publish","hentry"],"_links":{"self":[{"href":"https:\/\/vilanova.escolateresiana.com\/es\/wp-json\/wp\/v2\/pages\/3144","targetHints":{"allow":["GET"]}}],"collection":[{"href":"https:\/\/vilanova.escolateresiana.com\/es\/wp-json\/wp\/v2\/pages"}],"about":[{"href":"https:\/\/vilanova.escolateresiana.com\/es\/wp-json\/wp\/v2\/types\/page"}],"author":[{"embeddable":true,"href":"https:\/\/vilanova.escolateresiana.com\/es\/wp-json\/wp\/v2\/users\/1"}],"replies":[{"embeddable":true,"href":"https:\/\/vilanova.escolateresiana.com\/es\/wp-json\/wp\/v2\/comments?post=3144"}],"version-history":[{"count":6,"href":"https:\/\/vilanova.escolateresiana.com\/es\/wp-json\/wp\/v2\/pages\/3144\/revisions"}],"predecessor-version":[{"id":3702,"href":"https:\/\/vilanova.escolateresiana.com\/es\/wp-json\/wp\/v2\/pages\/3144\/revisions\/3702"}],"wp:attachment":[{"href":"https:\/\/vilanova.escolateresiana.com\/es\/wp-json\/wp\/v2\/media?parent=3144"}],"curies":[{"name":"wp","href":"https:\/\/api.w.org\/{rel}","templated":true}]}}