{"id":3127,"date":"2022-05-31T14:19:29","date_gmt":"2022-05-31T14:19:29","guid":{"rendered":"https:\/\/vilanova.escolateresiana.com\/educadores-as\/"},"modified":"2024-04-25T07:24:01","modified_gmt":"2024-04-25T07:24:01","slug":"educadores-as","status":"publish","type":"page","link":"https:\/\/vilanova.escolateresiana.com\/es\/educadores-as\/","title":{"rendered":"Educadores\/as"},"content":{"rendered":"<p>[vc_row css_animation=\u00bb\u00bb row_type=\u00bbrow\u00bb use_row_as_full_screen_section=\u00bbno\u00bb type=\u00bbfull_width\u00bb angled_section=\u00bbno\u00bb text_align=\u00bbleft\u00bb background_image_as_pattern=\u00bbwithout_pattern\u00bb][vc_column][qode_elements_holder number_of_columns=\u00bbtwo_columns\u00bb][qode_elements_holder_item advanced_animations=\u00bbno\u00bb][vc_single_image image=\u00bb2844&#8243; img_size=\u00bbfull\u00bb qode_css_animation=\u00bb\u00bb][\/qode_elements_holder_item][qode_elements_holder_item advanced_animations=\u00bbno\u00bb item_padding=\u00bb0px 30px 0px 30px\u00bb background_image=\u00bb704&#8243;][vc_column_text]<\/p>\n<div style=\"background-color: white; margin: 20px; padding: 20px;\">\n<h2>EDUCAR ES NUESTRA PASI\u00d3N<\/h2>\n<p>&nbsp;<\/p>\n<p>Somos <b>educadores\/as teresianos\/as<\/b>. Durante nuestro d\u00eda a d\u00eda ponemos nuestro saber, competencias y capacidades al servicio de un proyecto com\u00fan y \u00fanico. Formamos un gran equipo, en n\u00famero y talento que mediante la formaci\u00f3n est\u00e1 en continua actualizaci\u00f3n pedag\u00f3gica y carism\u00e1tica. Nuestra prioridad es <span style=\"color: #99cc00;\"><b>la persona<\/b><\/span>\u00a0por excelencia. <span style=\"color: #99cc00;\"><b>Cada alumno\/a es el centro<\/b><\/span> de todo el proceso educativo.<\/p>\n<\/div>\n<p>[\/vc_column_text][\/qode_elements_holder_item][\/qode_elements_holder][\/vc_column][\/vc_row][vc_row css_animation=\u00bbelement_from_right\u00bb row_type=\u00bbrow\u00bb use_row_as_full_screen_section=\u00bbno\u00bb type=\u00bbfull_width\u00bb angled_section=\u00bbno\u00bb text_align=\u00bbleft\u00bb background_image_as_pattern=\u00bbwithout_pattern\u00bb css=\u00bb.vc_custom_1651569422056{background-color: #ffffff !important;}\u00bb z_index=\u00bb\u00bb][vc_column][vc_empty_space height=\u00bb50px\u00bb][vc_empty_space height=\u00bb50px\u00bb][qode_circles columns=\u00bbfour_columns\u00bb circle_line=\u00bbwith_line\u00bb line_color=\u00bb#45ac34&#8243;][qode_circle type=\u00bbimage_type\u00bb image=\u00bb730&#8243; text=\u00bbMuy identificado<br \/>\nImplicado<br \/>\nComprometido\u00bb background_color=\u00bb#45ac34&#8243;][qode_circle type=\u00bbimage_type\u00bb image=\u00bb731&#8243; text=\u00bbProfesional<br \/>\nCompetente<br \/>\nResponsable\u00bb background_color=\u00bb#45ac34&#8243;][qode_circle type=\u00bbimage_type\u00bb image=\u00bb732&#8243; text=\u00bbEn continua actualizaci\u00f3n<br \/>\nTrabajo en equipo\u00bb background_color=\u00bb#45ac34&#8243;][qode_circle type=\u00bbimage_type\u00bb image=\u00bb733&#8243; text=\u00bbEntusiasta<br \/>\nPr\u00f3ximo<br \/>\nEmp\u00e1tico\u00bb background_color=\u00bb#45ac34&#8243;][\/qode_circles][vc_empty_space][\/vc_column][\/vc_row]<\/p>\n","protected":false},"excerpt":{"rendered":"<p>[vc_row css_animation=\u00bb\u00bb row_type=\u00bbrow\u00bb use_row_as_full_screen_section=\u00bbno\u00bb type=\u00bbfull_width\u00bb angled_section=\u00bbno\u00bb text_align=\u00bbleft\u00bb background_image_as_pattern=\u00bbwithout_pattern\u00bb][vc_column][qode_elements_holder number_of_columns=\u00bbtwo_columns\u00bb][qode_elements_holder_item advanced_animations=\u00bbno\u00bb][vc_single_image image=\u00bb2844&#8243; img_size=\u00bbfull\u00bb qode_css_animation=\u00bb\u00bb][\/qode_elements_holder_item][qode_elements_holder_item advanced_animations=\u00bbno\u00bb item_padding=\u00bb0px 30px 0px 30px\u00bb background_image=\u00bb704&#8243;][vc_column_text] EDUCAR ES NUESTRA PASI\u00d3N &nbsp; Somos educadores\/as teresianos\/as. Durante nuestro d\u00eda a d\u00eda ponemos nuestro saber, competencias y capacidades al servicio de un proyecto com\u00fan y&#8230;<\/p>\n","protected":false},"author":1,"featured_media":0,"parent":0,"menu_order":0,"comment_status":"closed","ping_status":"closed","template":"full_width.php","meta":{"footnotes":""},"class_list":["post-3127","page","type-page","status-publish","hentry"],"_links":{"self":[{"href":"https:\/\/vilanova.escolateresiana.com\/es\/wp-json\/wp\/v2\/pages\/3127","targetHints":{"allow":["GET"]}}],"collection":[{"href":"https:\/\/vilanova.escolateresiana.com\/es\/wp-json\/wp\/v2\/pages"}],"about":[{"href":"https:\/\/vilanova.escolateresiana.com\/es\/wp-json\/wp\/v2\/types\/page"}],"author":[{"embeddable":true,"href":"https:\/\/vilanova.escolateresiana.com\/es\/wp-json\/wp\/v2\/users\/1"}],"replies":[{"embeddable":true,"href":"https:\/\/vilanova.escolateresiana.com\/es\/wp-json\/wp\/v2\/comments?post=3127"}],"version-history":[{"count":6,"href":"https:\/\/vilanova.escolateresiana.com\/es\/wp-json\/wp\/v2\/pages\/3127\/revisions"}],"predecessor-version":[{"id":3700,"href":"https:\/\/vilanova.escolateresiana.com\/es\/wp-json\/wp\/v2\/pages\/3127\/revisions\/3700"}],"wp:attachment":[{"href":"https:\/\/vilanova.escolateresiana.com\/es\/wp-json\/wp\/v2\/media?parent=3127"}],"curies":[{"name":"wp","href":"https:\/\/api.w.org\/{rel}","templated":true}]}}